{"id":4371,"date":"2022-06-23T13:28:50","date_gmt":"2022-06-23T11:28:50","guid":{"rendered":"https:\/\/wineclub.tenutabuontempo.com\/?page_id=4371"},"modified":"2022-06-24T16:20:20","modified_gmt":"2022-06-24T14:20:20","slug":"secure-payment","status":"publish","type":"page","link":"https:\/\/wineclub.tenutabuontempo.com\/en\/secure-payment\/","title":{"rendered":"Secure Payment"},"content":{"rendered":"<div class=\"row\">\n<p>Il pagamento dell\u2019ordine deve essere effettuato subito dopo la conclusione dell\u2019ordine desiderato e prima della sua fornitura, tramite <strong>Paypal, Stripe o Bonifico Bancario<\/strong>.<\/p>\n<p>Non sono contemplati altri metodi di pagamento.<\/p>\n<p>I pagamenti e le fatture degli ordini sono in Euro ed inclusi di IVA dove previsto in base all\u2019indirizzo di spedizione (UE) o esenti di IVA (art. 8) per le spedizioni extra UE.<\/p>\n<h3><\/h3>\n<h3><strong>Forme di pagamento<\/strong><\/h3>\n<p><strong><br \/>\nCarta di credito:<\/strong>\u00a0Tutti gli ordini si possono pagare direttamente con\u00a0<strong>carta di credito<\/strong> (Visa, Mastercard, American Express, Poste Pay, ecc\u2026) attraverso il sistema di pagamento <strong>Stripe<\/strong> o <strong>PayPal<\/strong>. Le informazioni relative al mezzo di pagamento vengono trasmesse in modo sicuro dal cliente direttamente a Stripe o PayPal.<br \/>\nNon \u00e8 necessario disporre di un account di Stripe o PayPal, il pagamento pu\u00f2 essere fatto direttamente con la propria carta.<\/p>\n<p><strong>Stripe:\u00a0 <\/strong><span class=\"s2\">Stripe \u00e8 una piattaforma esterna per i pagamenti online che consente di effettuare pagamenti con bancomat, carta ricaricabile o carta di credito <\/span><span class=\"s1\">ecc.<\/span><span class=\"s2\">.<\/span><br \/>\n<span class=\"s2\">\u00c8 una soluzione sicura e rapida: i pagamenti vengono elaborati praticamente all\u2019istante.<br \/>\nNon \u00e8 necessario creare un account Stripe (anche se consigliato): tutto quello che serve \u00e8 una carta di credito, bancomat o ricaricabile valida Visa, Mastercard o American Express.<strong><br \/>\nStripe supporta il 3D Secure per qualsiasi pagamento e risponde ai requisiti pi\u00f9 severi in fatto di sicurezza <\/strong><\/span><span class=\"s1\"><strong>online.<br \/>\n<\/strong><\/span><span class=\"s2\"><strong>Stripe \u00e8 certificato come provider di servizi conforme allo standard PCI, livello 1.<\/strong><\/span><br \/>\n<span class=\"s2\"><br \/>\n<\/span><\/p>\n<p><strong>Paypal:\u00a0<\/strong>\u00e8 il sistema di pagamento sicuro, gratuito e facile da usare.<br \/>\nRegistrati gratuitamente e collega la tua carta di credito o prepagata. Non ne hai una? Nessun problema. Puoi ricaricare il tuo conto PayPal tramite un bonifico bancario. Quando paghi con PayPal, devi solo inserire indirizzo e-mail e password. Con PayPal i tuoi dati finanziari vengono crittografati in modo sicuro e non vengono condivisi con altre piattaforme. PayPal salva i tuoi dati di spedizione e fatturazione in modo da non doverli reinsere ogni volta, rendendo il pagamento pi\u00f9 veloce.<\/p>\n<p><strong>Pagamenti sicuri<br \/>\n<\/strong>Sono garantiti i pi\u00f9 elevati livelli di sicurezza nella protezione dei dati personali e di pagamento attraverso il sistema di Stripe e PayPal che garantisce una connessione sicura, utilizzando i certificati SSL\/TLS per proteggere le informazioni di ogni utente.<\/p>\n<\/div>\n<p><strong>Bonifico Bancario<br \/>\n<\/strong><\/p>\n<p>Gli ordini potranno essere evasi anche tramite bonifico bancario. Per effettuare il pagamento tramite bonifico basta usare l\u2019ID dell\u2019ordine come causale. Il tuo ordine non verr\u00e0 spedito finch\u00e9 i fondi non risulteranno trasferiti nel nostro conto corrente. Il tempo massimo di pagamento \u00e8 di 7gg lavorativi, al termine dei quali l\u2019ordine verr\u00e0 annullato.<\/p>\n","protected":false},"excerpt":{"rendered":"<p>Il pagamento dell\u2019ordine deve essere effettuato subito dopo la conclusione dell\u2019ordine desiderato e prima della sua fornitura, tramite Paypal, Stripe\u2026<\/p>\n","protected":false},"author":1,"featured_media":0,"parent":0,"menu_order":0,"comment_status":"closed","ping_status":"closed","template":"","meta":{"footnotes":""},"class_list":["post-4371","page","type-page","status-publish","hentry"],"yoast_head":"<!-- This site is optimized with the Yoast SEO plugin v26.8 - https:\/\/yoast.com\/product\/yoast-seo-wordpress\/ -->\n<title>Secure Payment - Wine Club<\/title>\n<meta name=\"robots\" content=\"index, follow, max-snippet:-1, max-image-preview:large, max-video-preview:-1\" \/>\n<link rel=\"canonical\" href=\"https:\/\/wineclub.tenutabuontempo.com\/en\/secure-payment\/\" \/>\n<meta property=\"og:locale\" content=\"en_US\" \/>\n<meta property=\"og:type\" content=\"article\" \/>\n<meta property=\"og:title\" content=\"Secure Payment - Wine Club\" \/>\n<meta property=\"og:description\" content=\"Il pagamento dell\u2019ordine deve essere effettuato subito dopo la conclusione dell\u2019ordine desiderato e prima della sua fornitura, tramite Paypal, Stripe\u2026\" \/>\n<meta property=\"og:url\" content=\"https:\/\/wineclub.tenutabuontempo.com\/en\/secure-payment\/\" \/>\n<meta property=\"og:site_name\" content=\"Wine Club\" \/>\n<meta property=\"article:modified_time\" content=\"2022-06-24T14:20:20+00:00\" \/>\n<meta name=\"twitter:card\" content=\"summary_large_image\" \/>\n<meta name=\"twitter:label1\" content=\"Est. reading time\" \/>\n\t<meta name=\"twitter:data1\" content=\"3 minutes\" \/>\n<script type=\"application\/ld+json\" class=\"yoast-schema-graph\">{\"@context\":\"https:\/\/schema.org\",\"@graph\":[{\"@type\":\"WebPage\",\"@id\":\"https:\/\/wineclub.tenutabuontempo.com\/en\/secure-payment\/\",\"url\":\"https:\/\/wineclub.tenutabuontempo.com\/en\/secure-payment\/\",\"name\":\"Secure Payment - Wine Club\",\"isPartOf\":{\"@id\":\"https:\/\/wineclub.tenutabuontempo.com\/#website\"},\"datePublished\":\"2022-06-23T11:28:50+00:00\",\"dateModified\":\"2022-06-24T14:20:20+00:00\",\"breadcrumb\":{\"@id\":\"https:\/\/wineclub.tenutabuontempo.com\/en\/secure-payment\/#breadcrumb\"},\"inLanguage\":\"en-US\",\"potentialAction\":[{\"@type\":\"ReadAction\",\"target\":[\"https:\/\/wineclub.tenutabuontempo.com\/en\/secure-payment\/\"]}]},{\"@type\":\"BreadcrumbList\",\"@id\":\"https:\/\/wineclub.tenutabuontempo.com\/en\/secure-payment\/#breadcrumb\",\"itemListElement\":[{\"@type\":\"ListItem\",\"position\":1,\"name\":\"Home\",\"item\":\"https:\/\/wineclub.tenutabuontempo.com\/en\/\"},{\"@type\":\"ListItem\",\"position\":2,\"name\":\"Secure Payment\"}]},{\"@type\":\"WebSite\",\"@id\":\"https:\/\/wineclub.tenutabuontempo.com\/#website\",\"url\":\"https:\/\/wineclub.tenutabuontempo.com\/\",\"name\":\"Wine Club\",\"description\":\"Tenuta Buon Tempo\",\"publisher\":{\"@id\":\"https:\/\/wineclub.tenutabuontempo.com\/#organization\"},\"potentialAction\":[{\"@type\":\"SearchAction\",\"target\":{\"@type\":\"EntryPoint\",\"urlTemplate\":\"https:\/\/wineclub.tenutabuontempo.com\/?s={search_term_string}\"},\"query-input\":{\"@type\":\"PropertyValueSpecification\",\"valueRequired\":true,\"valueName\":\"search_term_string\"}}],\"inLanguage\":\"en-US\"},{\"@type\":\"Organization\",\"@id\":\"https:\/\/wineclub.tenutabuontempo.com\/#organization\",\"name\":\"Tenuta Buon Tempo Wine Club\",\"url\":\"https:\/\/wineclub.tenutabuontempo.com\/\",\"logo\":{\"@type\":\"ImageObject\",\"inLanguage\":\"en-US\",\"@id\":\"https:\/\/wineclub.tenutabuontempo.com\/#\/schema\/logo\/image\/\",\"url\":\"https:\/\/wineclub.tenutabuontempo.com\/wp-content\/uploads\/2022\/05\/wineclubt.png\",\"contentUrl\":\"https:\/\/wineclub.tenutabuontempo.com\/wp-content\/uploads\/2022\/05\/wineclubt.png\",\"width\":621,\"height\":291,\"caption\":\"Tenuta Buon Tempo Wine Club\"},\"image\":{\"@id\":\"https:\/\/wineclub.tenutabuontempo.com\/#\/schema\/logo\/image\/\"}}]}<\/script>\n<!-- \/ Yoast SEO plugin. -->","yoast_head_json":{"title":"Secure Payment - Wine Club","robots":{"index":"index","follow":"follow","max-snippet":"max-snippet:-1","max-image-preview":"max-image-preview:large","max-video-preview":"max-video-preview:-1"},"canonical":"https:\/\/wineclub.tenutabuontempo.com\/en\/secure-payment\/","og_locale":"en_US","og_type":"article","og_title":"Secure Payment - Wine Club","og_description":"Il pagamento dell\u2019ordine deve essere effettuato subito dopo la conclusione dell\u2019ordine desiderato e prima della sua fornitura, tramite Paypal, Stripe\u2026","og_url":"https:\/\/wineclub.tenutabuontempo.com\/en\/secure-payment\/","og_site_name":"Wine Club","article_modified_time":"2022-06-24T14:20:20+00:00","twitter_card":"summary_large_image","twitter_misc":{"Est. reading time":"3 minutes"},"schema":{"@context":"https:\/\/schema.org","@graph":[{"@type":"WebPage","@id":"https:\/\/wineclub.tenutabuontempo.com\/en\/secure-payment\/","url":"https:\/\/wineclub.tenutabuontempo.com\/en\/secure-payment\/","name":"Secure Payment - Wine Club","isPartOf":{"@id":"https:\/\/wineclub.tenutabuontempo.com\/#website"},"datePublished":"2022-06-23T11:28:50+00:00","dateModified":"2022-06-24T14:20:20+00:00","breadcrumb":{"@id":"https:\/\/wineclub.tenutabuontempo.com\/en\/secure-payment\/#breadcrumb"},"inLanguage":"en-US","potentialAction":[{"@type":"ReadAction","target":["https:\/\/wineclub.tenutabuontempo.com\/en\/secure-payment\/"]}]},{"@type":"BreadcrumbList","@id":"https:\/\/wineclub.tenutabuontempo.com\/en\/secure-payment\/#breadcrumb","itemListElement":[{"@type":"ListItem","position":1,"name":"Home","item":"https:\/\/wineclub.tenutabuontempo.com\/en\/"},{"@type":"ListItem","position":2,"name":"Secure Payment"}]},{"@type":"WebSite","@id":"https:\/\/wineclub.tenutabuontempo.com\/#website","url":"https:\/\/wineclub.tenutabuontempo.com\/","name":"Wine Club","description":"Tenuta Buon Tempo","publisher":{"@id":"https:\/\/wineclub.tenutabuontempo.com\/#organization"},"potentialAction":[{"@type":"SearchAction","target":{"@type":"EntryPoint","urlTemplate":"https:\/\/wineclub.tenutabuontempo.com\/?s={search_term_string}"},"query-input":{"@type":"PropertyValueSpecification","valueRequired":true,"valueName":"search_term_string"}}],"inLanguage":"en-US"},{"@type":"Organization","@id":"https:\/\/wineclub.tenutabuontempo.com\/#organization","name":"Tenuta Buon Tempo Wine Club","url":"https:\/\/wineclub.tenutabuontempo.com\/","logo":{"@type":"ImageObject","inLanguage":"en-US","@id":"https:\/\/wineclub.tenutabuontempo.com\/#\/schema\/logo\/image\/","url":"https:\/\/wineclub.tenutabuontempo.com\/wp-content\/uploads\/2022\/05\/wineclubt.png","contentUrl":"https:\/\/wineclub.tenutabuontempo.com\/wp-content\/uploads\/2022\/05\/wineclubt.png","width":621,"height":291,"caption":"Tenuta Buon Tempo Wine Club"},"image":{"@id":"https:\/\/wineclub.tenutabuontempo.com\/#\/schema\/logo\/image\/"}}]}},"acf":[],"_links":{"self":[{"href":"https:\/\/wineclub.tenutabuontempo.com\/en\/wp-json\/wp\/v2\/pages\/4371","targetHints":{"allow":["GET"]}}],"collection":[{"href":"https:\/\/wineclub.tenutabuontempo.com\/en\/wp-json\/wp\/v2\/pages"}],"about":[{"href":"https:\/\/wineclub.tenutabuontempo.com\/en\/wp-json\/wp\/v2\/types\/page"}],"author":[{"embeddable":true,"href":"https:\/\/wineclub.tenutabuontempo.com\/en\/wp-json\/wp\/v2\/users\/1"}],"replies":[{"embeddable":true,"href":"https:\/\/wineclub.tenutabuontempo.com\/en\/wp-json\/wp\/v2\/comments?post=4371"}],"version-history":[{"count":3,"href":"https:\/\/wineclub.tenutabuontempo.com\/en\/wp-json\/wp\/v2\/pages\/4371\/revisions"}],"predecessor-version":[{"id":4509,"href":"https:\/\/wineclub.tenutabuontempo.com\/en\/wp-json\/wp\/v2\/pages\/4371\/revisions\/4509"}],"wp:attachment":[{"href":"https:\/\/wineclub.tenutabuontempo.com\/en\/wp-json\/wp\/v2\/media?parent=4371"}],"curies":[{"name":"wp","href":"https:\/\/api.w.org\/{rel}","templated":true}]}}